{"id":1388,"date":"2015-01-17T16:53:00","date_gmt":"2015-01-17T14:53:00","guid":{"rendered":"http:\/\/artxmedia.de\/villarot\/?page_id=1388"},"modified":"2015-11-28T02:01:28","modified_gmt":"2015-11-28T00:01:28","slug":"kunsthalle-3","status":"publish","type":"page","link":"https:\/\/www.rotvilla.de\/de\/ausstellungen-2-2-2\/kunsthalle-3\/","title":{"rendered":"Kunsthalle aktuell"},"content":{"rendered":"<p>[vc_row][vc_column width=&#8220;1\/1&#8243;][jeg_heading type=&#8220;h3&#8243; float=&#8220;center&#8220; title=&#8220;Kunsthalle&#8220;][vc_row_inner animspeed=&#8220;slow&#8220; seqspeed=&#8220;150&#8243;][vc_column_inner width=&#8220;1\/1&#8243;][jeg_heading type=&#8220;h2&#8243; float=&#8220;center&#8220; title=&#8220;Aktuell&#8220;][vc_gallery type=&#8220;flexslider_fade&#8220; interval=&#8220;3&#8243; images=&#8220;2755,2708&#8243; onclick=&#8220;link_image&#8220; custom_links_target=&#8220;_self&#8220; img_size=&#8220;large&#8220;][vc_column_text]<\/p>\n<p style=\"text-align: justify;\">Wie in den \u00fcppig schwellenden Stillleben aus Renaissance und Barock bieten auch die Kompositionen von <strong>Vera Mercer<\/strong> keinen zuf\u00e4lligen Ausschnitt aus der Wirklichkeit. Die Zusammenstellung der Bildgegenst\u00e4nde und selbst die Unordnung sind stets durchdacht und kunstvoll arrangiert. Die Fotografin, die mit den bildgebenden M\u00f6glichkeiten des 21. Jahrhunderts ein klassisch kunsthistorisches Thema neu erschlie\u00dft, nutzt die frontale Perspektive auf Bildr\u00e4ume mit prunkvollen Panoramen aus Naturalien, Vasen, Gl\u00e4sern und Geschirr. In bestechender Nahsicht und Detailsch\u00e4rfe, \u00fcberdimensionaler Vergr\u00f6\u00dferung, verbl\u00fcffender Plastizit\u00e4t, koloristischer Modellierung und stimmungsvoll lodernder Lichtf\u00fchrung steigert sie die ausbalancierte Dramaturgie der Inszenierungen ins Surreale. Zwischen Naturalismus und Illusionismus dreht sich Vera Mercers Ikonographie um die Sinnlichkeit des Essens und die Zubereitung von Speisen. Ihre Lichtbilder zeigen die Stufen der Verg\u00e4nglichkeit in friedlicher Koexistenz und melancholischer Sch\u00f6nheit. Sie exemplifizieren die barocke Dekadenz, um sich zugleich von den moralisierenden Warnungen vor den Gen\u00fcssen des Diesseits zu distanzieren. In der Verg\u00e4nglichkeit der reifen Fr\u00fcchte, bl\u00fchenden Blumen, abgetrennten Fischk\u00f6pfe und des erlegten Federviehs scheint das pralle Leben noch vorhanden. Die Gewissheit des biologischen Kreislaufes aus Werden und Vergehen findet ihren letzten H\u00f6hepunkt in der Verarbeitung der fotografierten Viktualien: Vera Mercer kocht die Objekte Ihres Bildinteresses und vollzieht so ihre R\u00fcckf\u00fchrung ins Leben.<\/p>\n<p style=\"text-align: justify;\">Den Ausstellungsfolder zum Download finden Sie <a title=\"AUSSTELLUNGSFOLDER_FLEISCHESLUST.pdf\" href=\"http:\/\/www.villa-rot.de\/index.php\/download_file\/view\/977\/281\/\">hier.<\/a><\/p>\n<p>Mit freundlicher Unterst\u00fctzung[\/vc_column_text][\/vc_column_inner][\/vc_row_inner][vc_row_inner][vc_column_inner width=&#8220;1\/4&#8243;][vc_single_image image=&#8220;2702&#8243; border_color=&#8220;grey&#8220; img_link_target=&#8220;_blank&#8220; img_size=&#8220;large&#8220; link=&#8220;https:\/\/www.dvag.de\/dvag\/&#8220;][\/vc_column_inner][vc_column_inner width=&#8220;1\/4&#8243;][jeg_singleimage float=&#8220;center&#8220; size=&#8220;12&#8243; image=&#8220;2696&#8243;][\/vc_column_inner][vc_column_inner width=&#8220;1\/4&#8243;][jeg_singleimage float=&#8220;center&#8220; size=&#8220;12&#8243; image=&#8220;2697&#8243;][\/vc_column_inner][vc_column_inner width=&#8220;1\/4&#8243;][jeg_singleimage float=&#8220;center&#8220; size=&#8220;5&#8243; image=&#8220;2698&#8243;][\/vc_column_inner][\/vc_row_inner][vc_row_inner][vc_column_inner width=&#8220;1\/4&#8243;][jeg_singleimage float=&#8220;center&#8220; size=&#8220;12&#8243; image=&#8220;2699&#8243;][\/vc_column_inner][vc_column_inner width=&#8220;1\/4&#8243;][jeg_singleimage float=&#8220;center&#8220; size=&#8220;7&#8243; image=&#8220;2700&#8243;][\/vc_column_inner][vc_column_inner width=&#8220;1\/4&#8243;][jeg_singleimage float=&#8220;center&#8220; size=&#8220;12&#8243; image=&#8220;2701&#8243;][\/vc_column_inner][vc_column_inner width=&#8220;1\/4&#8243;][\/vc_column_inner][\/vc_row_inner][\/vc_column][\/vc_row][vc_row][vc_column width=&#8220;1\/1&#8243;][vc_row_inner][vc_column_inner width=&#8220;1\/2&#8243;][\/vc_column_inner][\/vc_row_inner][vc_row_inner][vc_column_inner width=&#8220;1\/6&#8243;][\/vc_column_inner][vc_column_inner width=&#8220;1\/6&#8243;][\/vc_column_inner][vc_column_inner width=&#8220;1\/6&#8243;][\/vc_column_inner][\/vc_row_inner][vc_row_inner][vc_column_inner width=&#8220;1\/6&#8243;][\/vc_column_inner][vc_column_inner width=&#8220;1\/6&#8243;][\/vc_column_inner][vc_column_inner width=&#8220;1\/6&#8243;][\/vc_column_inner][vc_column_inner width=&#8220;1\/6&#8243;][\/vc_column_inner][vc_column_inner width=&#8220;1\/6&#8243;][\/vc_column_inner][vc_column_inner width=&#8220;1\/6&#8243;][\/vc_column_inner][\/vc_row_inner][\/vc_column][vc_column][\/vc_column][\/vc_row]<\/p>\n","protected":false},"excerpt":{"rendered":"<p>[vc_row][vc_column width=&#8220;1\/1&#8243;][jeg_heading type=&#8220;h3&#8243; float=&#8220;center&#8220; title=&#8220;Kunsthalle&#8220;][vc_row_inner animspeed=&#8220;slow&#8220; seqspeed=&#8220;150&#8243;][vc_column_inner width=&#8220;1\/1&#8243;][jeg_heading type=&#8220;h2&#8243; float=&#8220;center&#8220; title=&#8220;Aktuell&#8220;][vc_gallery type=&#8220;flexslider_fade&#8220; interval=&#8220;3&#8243; images=&#8220;2755,2708&#8243; onclick=&#8220;link_image&#8220; custom_links_target=&#8220;_self&#8220; img_size=&#8220;large&#8220;][vc_column_text] Wie in den \u00fcppig schwellenden Stillleben aus Renaissance und Barock bieten auch die Kompositionen von Vera Mercer keinen zuf\u00e4lligen Ausschnitt aus der Wirklichkeit. Die Zusammenstellung der Bildgegenst\u00e4nde und selbst die Unordnung sind stets durchdacht und kunstvoll arrangiert. Die [&hellip;]<\/p>\n","protected":false},"author":1,"featured_media":0,"parent":1384,"menu_order":0,"comment_status":"open","ping_status":"closed","template":"template\/template-landing-page-vc.php","meta":{"footnotes":""},"class_list":["post-1388","page","type-page","status-publish","hentry"],"blocksy_meta":[],"jetpack_sharing_enabled":true,"_links":{"self":[{"href":"https:\/\/www.rotvilla.de\/de\/wp-json\/wp\/v2\/pages\/1388","targetHints":{"allow":["GET"]}}],"collection":[{"href":"https:\/\/www.rotvilla.de\/de\/wp-json\/wp\/v2\/pages"}],"about":[{"href":"https:\/\/www.rotvilla.de\/de\/wp-json\/wp\/v2\/types\/page"}],"author":[{"embeddable":true,"href":"https:\/\/www.rotvilla.de\/de\/wp-json\/wp\/v2\/users\/1"}],"replies":[{"embeddable":true,"href":"https:\/\/www.rotvilla.de\/de\/wp-json\/wp\/v2\/comments?post=1388"}],"version-history":[{"count":7,"href":"https:\/\/www.rotvilla.de\/de\/wp-json\/wp\/v2\/pages\/1388\/revisions"}],"predecessor-version":[{"id":3352,"href":"https:\/\/www.rotvilla.de\/de\/wp-json\/wp\/v2\/pages\/1388\/revisions\/3352"}],"up":[{"embeddable":true,"href":"https:\/\/www.rotvilla.de\/de\/wp-json\/wp\/v2\/pages\/1384"}],"wp:attachment":[{"href":"https:\/\/www.rotvilla.de\/de\/wp-json\/wp\/v2\/media?parent=1388"}],"curies":[{"name":"wp","href":"https:\/\/api.w.org\/{rel}","templated":true}]}}